{"id":8,"date":"2016-10-31T14:16:31","date_gmt":"2016-10-31T14:16:31","guid":{"rendered":"https:\/\/laburundaiseblog.wordpress.com\/?page_id=2"},"modified":"2016-10-31T14:16:31","modified_gmt":"2016-10-31T14:16:31","slug":"home","status":"publish","type":"page","link":"https:\/\/www.yaga-burundi.com\/laburundaise\/home\/","title":{"rendered":"Home"},"content":{"rendered":"<h5>Bienvenue sur mon blog perso <em><strong>La Burundaise.<\/strong><\/em>Ici vous lirez des histoires qui refl\u00e8tent la r\u00e9alit\u00e9.Les pleurs et les rires d&rsquo;une femme burundaise,les histoires qui me \u00a0hantent ,les souvenirs,les blablaa&#8230;.<\/h5>\n","protected":false},"excerpt":{"rendered":"<p>This is the home page&rsquo;s excerpt<\/p>\n","protected":false},"author":11,"featured_media":31,"parent":0,"menu_order":0,"comment_status":"closed","ping_status":"closed","template":"template-home.php","meta":{"_monsterinsights_skip_tracking":false,"_monsterinsights_sitenote_active":false,"_monsterinsights_sitenote_note":"","_monsterinsights_sitenote_category":0,"footnotes":""},"yoast_head":"<!-- This site is optimized with the Yoast SEO plugin v18.5.1 - https:\/\/yoast.com\/wordpress\/plugins\/seo\/ -->\n<title>Home - La Burundaise<\/title>\n<meta name=\"robots\" content=\"index, follow, max-snippet:-1, max-image-preview:large, max-video-preview:-1\" \/>\n<link rel=\"canonical\" href=\"https:\/\/www.yaga-burundi.com\/laburundaise\/home\/\" \/>\n<meta property=\"og:locale\" content=\"fr_FR\" \/>\n<meta property=\"og:type\" content=\"article\" \/>\n<meta property=\"og:title\" content=\"Home - La Burundaise\" \/>\n<meta property=\"og:description\" content=\"This is the home page&#039;s excerpt\" \/>\n<meta property=\"og:url\" content=\"https:\/\/www.yaga-burundi.com\/laburundaise\/home\/\" \/>\n<meta property=\"og:site_name\" content=\"La Burundaise\" \/>\n<meta property=\"og:image\" content=\"https:\/\/www.yaga-burundi.com\/laburundaise\/wp-content\/uploads\/sites\/6\/2016\/10\/burundi_640.png\" \/>\n\t<meta property=\"og:image:width\" content=\"640\" \/>\n\t<meta property=\"og:image:height\" content=\"480\" \/>\n\t<meta property=\"og:image:type\" content=\"image\/png\" \/>\n<meta name=\"twitter:card\" content=\"summary\" \/>\n<script type=\"application\/ld+json\" class=\"yoast-schema-graph\">{\"@context\":\"https:\/\/schema.org\",\"@graph\":[{\"@type\":\"WebSite\",\"@id\":\"https:\/\/www.yaga-burundi.com\/laburundaise\/#website\",\"url\":\"https:\/\/www.yaga-burundi.com\/laburundaise\/\",\"name\":\"La Burundaise\",\"description\":\"Proud to be who I am\",\"potentialAction\":[{\"@type\":\"SearchAction\",\"target\":{\"@type\":\"EntryPoint\",\"urlTemplate\":\"https:\/\/www.yaga-burundi.com\/laburundaise\/?s={search_term_string}\"},\"query-input\":\"required name=search_term_string\"}],\"inLanguage\":\"fr-FR\"},{\"@type\":\"ImageObject\",\"@id\":\"https:\/\/www.yaga-burundi.com\/laburundaise\/home\/#primaryimage\",\"inLanguage\":\"fr-FR\",\"url\":\"https:\/\/www.yaga-burundi.com\/laburundaise\/wp-content\/uploads\/sites\/6\/2016\/10\/burundi_640.png\",\"contentUrl\":\"https:\/\/www.yaga-burundi.com\/laburundaise\/wp-content\/uploads\/sites\/6\/2016\/10\/burundi_640.png\",\"width\":640,\"height\":480},{\"@type\":\"WebPage\",\"@id\":\"https:\/\/www.yaga-burundi.com\/laburundaise\/home\/#webpage\",\"url\":\"https:\/\/www.yaga-burundi.com\/laburundaise\/home\/\",\"name\":\"Home - La Burundaise\",\"isPartOf\":{\"@id\":\"https:\/\/www.yaga-burundi.com\/laburundaise\/#website\"},\"primaryImageOfPage\":{\"@id\":\"https:\/\/www.yaga-burundi.com\/laburundaise\/home\/#primaryimage\"},\"datePublished\":\"2016-10-31T14:16:31+00:00\",\"dateModified\":\"2016-10-31T14:16:31+00:00\",\"breadcrumb\":{\"@id\":\"https:\/\/www.yaga-burundi.com\/laburundaise\/home\/#breadcrumb\"},\"inLanguage\":\"fr-FR\",\"potentialAction\":[{\"@type\":\"ReadAction\",\"target\":[\"https:\/\/www.yaga-burundi.com\/laburundaise\/home\/\"]}]},{\"@type\":\"BreadcrumbList\",\"@id\":\"https:\/\/www.yaga-burundi.com\/laburundaise\/home\/#breadcrumb\",\"itemListElement\":[{\"@type\":\"ListItem\",\"position\":1,\"name\":\"Accueil\",\"item\":\"https:\/\/www.yaga-burundi.com\/laburundaise\/\"},{\"@type\":\"ListItem\",\"position\":2,\"name\":\"Home\"}]}]}<\/script>\n<!-- \/ Yoast SEO plugin. -->","yoast_head_json":{"title":"Home - La Burundaise","robots":{"index":"index","follow":"follow","max-snippet":"max-snippet:-1","max-image-preview":"max-image-preview:large","max-video-preview":"max-video-preview:-1"},"canonical":"https:\/\/www.yaga-burundi.com\/laburundaise\/home\/","og_locale":"fr_FR","og_type":"article","og_title":"Home - La Burundaise","og_description":"This is the home page's excerpt","og_url":"https:\/\/www.yaga-burundi.com\/laburundaise\/home\/","og_site_name":"La Burundaise","og_image":[{"width":640,"height":480,"url":"https:\/\/www.yaga-burundi.com\/laburundaise\/wp-content\/uploads\/sites\/6\/2016\/10\/burundi_640.png","type":"image\/png"}],"twitter_card":"summary","schema":{"@context":"https:\/\/schema.org","@graph":[{"@type":"WebSite","@id":"https:\/\/www.yaga-burundi.com\/laburundaise\/#website","url":"https:\/\/www.yaga-burundi.com\/laburundaise\/","name":"La Burundaise","description":"Proud to be who I am","potentialAction":[{"@type":"SearchAction","target":{"@type":"EntryPoint","urlTemplate":"https:\/\/www.yaga-burundi.com\/laburundaise\/?s={search_term_string}"},"query-input":"required name=search_term_string"}],"inLanguage":"fr-FR"},{"@type":"ImageObject","@id":"https:\/\/www.yaga-burundi.com\/laburundaise\/home\/#primaryimage","inLanguage":"fr-FR","url":"https:\/\/www.yaga-burundi.com\/laburundaise\/wp-content\/uploads\/sites\/6\/2016\/10\/burundi_640.png","contentUrl":"https:\/\/www.yaga-burundi.com\/laburundaise\/wp-content\/uploads\/sites\/6\/2016\/10\/burundi_640.png","width":640,"height":480},{"@type":"WebPage","@id":"https:\/\/www.yaga-burundi.com\/laburundaise\/home\/#webpage","url":"https:\/\/www.yaga-burundi.com\/laburundaise\/home\/","name":"Home - La Burundaise","isPartOf":{"@id":"https:\/\/www.yaga-burundi.com\/laburundaise\/#website"},"primaryImageOfPage":{"@id":"https:\/\/www.yaga-burundi.com\/laburundaise\/home\/#primaryimage"},"datePublished":"2016-10-31T14:16:31+00:00","dateModified":"2016-10-31T14:16:31+00:00","breadcrumb":{"@id":"https:\/\/www.yaga-burundi.com\/laburundaise\/home\/#breadcrumb"},"inLanguage":"fr-FR","potentialAction":[{"@type":"ReadAction","target":["https:\/\/www.yaga-burundi.com\/laburundaise\/home\/"]}]},{"@type":"BreadcrumbList","@id":"https:\/\/www.yaga-burundi.com\/laburundaise\/home\/#breadcrumb","itemListElement":[{"@type":"ListItem","position":1,"name":"Accueil","item":"https:\/\/www.yaga-burundi.com\/laburundaise\/"},{"@type":"ListItem","position":2,"name":"Home"}]}]}},"_links":{"self":[{"href":"https:\/\/www.yaga-burundi.com\/laburundaise\/wp-json\/wp\/v2\/pages\/8"}],"collection":[{"href":"https:\/\/www.yaga-burundi.com\/laburundaise\/wp-json\/wp\/v2\/pages"}],"about":[{"href":"https:\/\/www.yaga-burundi.com\/laburundaise\/wp-json\/wp\/v2\/types\/page"}],"author":[{"embeddable":true,"href":"https:\/\/www.yaga-burundi.com\/laburundaise\/wp-json\/wp\/v2\/users\/11"}],"replies":[{"embeddable":true,"href":"https:\/\/www.yaga-burundi.com\/laburundaise\/wp-json\/wp\/v2\/comments?post=8"}],"version-history":[{"count":0,"href":"https:\/\/www.yaga-burundi.com\/laburundaise\/wp-json\/wp\/v2\/pages\/8\/revisions"}],"wp:featuredmedia":[{"embeddable":true,"href":"https:\/\/www.yaga-burundi.com\/laburundaise\/wp-json\/wp\/v2\/media\/31"}],"wp:attachment":[{"href":"https:\/\/www.yaga-burundi.com\/laburundaise\/wp-json\/wp\/v2\/media?parent=8"}],"curies":[{"name":"wp","href":"https:\/\/api.w.org\/{rel}","templated":true}]}}